{"id":76,"date":"2020-02-12T17:07:17","date_gmt":"2020-02-12T16:07:17","guid":{"rendered":"http:\/\/www.boz.dev.wydajnyweb.pl\/salon-lazienek\/?page_id=76"},"modified":"2021-07-14T12:56:46","modified_gmt":"2021-07-14T10:56:46","slug":"historia","status":"publish","type":"page","link":"https:\/\/www.boz.pl\/salon-lazienek\/historia\/","title":{"rendered":"O firmie"},"content":{"rendered":"<div class=\"wpb-content-wrapper\"><p>[vc_row][vc_column effect=&#8221;fadeInDown&#8221;][vc_column_text]<span style=\"font-weight: 400\">Planujesz remont? <strong>W Salonie \u0141azienek BOZ znajdziesz wszystko, czego potrzebujesz<\/strong>, aby stworzy\u0107 funkcjonalne i estetyczne wn\u0119trze. W naszej ofercie zgromadzili\u015bmy niezb\u0119dne elementy wyko\u0144czenia i wyposa\u017cenia wn\u0119trz, m.in.: p\u0142ytki ceramiczne, baterie \u0142azienkowe i kuchenne, ceramik\u0119 \u0142azienkow\u0105, meble \u0142azienkowe i akcesoria, a w Centrum Budowlanym <\/span><span style=\"font-weight: 400\">\u2013<\/span><span style=\"font-weight: 400\"> materia\u0142y budowlane i artyku\u0142y wyko\u0144czeniowe. Na Twoje \u017cyczenie <strong>zaproponujemy Ci indywidualn\u0105 wizualizacj\u0119 \u0142azienki<\/strong>, doradzimy podczas wyboru konkretnego producenta lub modelu produkt\u00f3w. Wszystko po to, by budowa lub remont by\u0142y r\u00f3wnie przyjemne, co codzienne u\u017cytkowanie nowego wn\u0119trza.<\/span><\/p>\n<p><span style=\"font-weight: 400\">Jeste\u015bmy <strong>jedn\u0105 z najwi\u0119kszych, lokalnych firm w regionie<\/strong> specjalizuj\u0105cych si\u0119 w handlu materia\u0142ami budowlanymi i wyko\u0144czeniowymi. Nasz\u0105 si\u0142\u0105 jest ponad 30-letnie do\u015bwiadczenie. Wsp\u00f3\u0142pracujemy z dostawcami z ca\u0142ego \u015bwiata, <strong>precyzyjnie dobieraj\u0105c nasz asortyment<\/strong>. Zapraszamy do naszych Salon\u00f3w \u0141azienek w Rzeszowie (ul. Geodet\u00f3w 3) i Tarnowie (ul. Kochanowskiego 41 A) oraz do Centrum Budowlanego BOZ (ul. Energetyczna 1 w Rzeszowie). <\/span>[\/vc_column_text]<div  class=\"wpb_content_element   clearfix\"><style type=\"text\/css\">#ut_am_69f172a93409b { opacity: 1; }#ut_am_wrap_69f172a93409c { text-align: left; }@media (min-width: 768px) and (max-width: 1024px) { #ut_am_wrap_69f172a93409c { text-align: left !important; } }@media (max-width: 767px) { #ut_am_wrap_69f172a93409c { text-align: center !important; } }<\/style><div id=\"ut_am_wrap_69f172a93409c\" class=\"ut-image-gallery-image \"><div id=\"ut_reveal_69f172a93409d\"  data-appear-top-offset=\"auto\" class=\"ut-animated-image-item ut-image-gallery-item ut-animation-done \"><a class=\"ut-deactivated-link\" href=\"#\"><div class=\"ut-box-shadow-container ut-box-shadow-1\"><div class=\"ut-box-shadow-container-inner\"><\/div><\/div><div class=\"ut-animated-image-zoom\">\r\n        <div class=\"ut-element-glitch-wrap\">\r\n\r\n            \r\n        <style type=\"text\/css\">\r\n\r\n                        \r\n        @media (min-width: 1025px) {\r\n\r\n        #ut-element-glitch-69f172a9340b7355337622-181 .ut-glitch-single-element {\r\n                                            \r\n                }\r\n        }\r\n\r\n        @media (min-width: 768px) and (max-width: 1024px) {\r\n\r\n        #ut-element-glitch-69f172a9340b7355337622-181 .ut-glitch-single-element {\r\n                                                \r\n                    }\r\n        }\r\n\r\n        @media (max-width: 767px) {\r\n\r\n        #ut-element-glitch-69f172a9340b7355337622-181 .ut-glitch-single-element {\r\n                                                \r\n                    }\r\n        }\r\n\r\n        \r\n        <\/style>\r\n\r\n        \r\n            <div id=\"ut-element-glitch-69f172a9340b7355337622-181\" class=\" ut-element-glitch ut-glitch-none ut-element-glitch-permanent\">\r\n                <div class=\"ut-glitch-single-element ut-lozad skip-lazy\" data-background-image=\"https:\/\/www.boz.pl\/salon-lazienek\/wp-content\/uploads\/sites\/2\/2020\/02\/historiaBOZpanorama.jpg\"><\/div>\r\n                <div class=\"ut-glitch-single-element ut-lozad skip-lazy\" data-background-image=\"https:\/\/www.boz.pl\/salon-lazienek\/wp-content\/uploads\/sites\/2\/2020\/02\/historiaBOZpanorama.jpg\"><\/div>\r\n                <div class=\"ut-glitch-single-element ut-lozad skip-lazy\" data-background-image=\"https:\/\/www.boz.pl\/salon-lazienek\/wp-content\/uploads\/sites\/2\/2020\/02\/historiaBOZpanorama.jpg\"><\/div>\r\n                <div class=\"ut-glitch-single-element ut-lozad skip-lazy\" data-background-image=\"https:\/\/www.boz.pl\/salon-lazienek\/wp-content\/uploads\/sites\/2\/2020\/02\/historiaBOZpanorama.jpg\"><\/div>\r\n                <div class=\"ut-glitch-single-element ut-lozad skip-lazy\" data-background-image=\"https:\/\/www.boz.pl\/salon-lazienek\/wp-content\/uploads\/sites\/2\/2020\/02\/historiaBOZpanorama.jpg\"><\/div>\r\n            <\/div>\r\n\r\n        <\/div>\r\n\r\n        <img loading=\"lazy\" decoding=\"async\" class=\"ut-lazy skip-lazy ut-animated-image \"  id=\"ut_am_69f172a93409b\" src=\"data:image\/svg+xml;charset=utf-8,%3Csvg xmlns%3D'http%3A%2F%2Fwww.w3.org%2F2000%2Fsvg' viewBox%3D'0 0 1400 487'%2F%3E\" data-src=\"https:\/\/www.boz.pl\/salon-lazienek\/wp-content\/uploads\/sites\/2\/2020\/02\/historiaBOZpanorama.jpg\" width=\"1400\" height=\"487\" alt=\"\"\/><\/div><\/a><\/div><\/div><\/div>[\/vc_column][\/vc_row]<\/p>\n<\/div>","protected":false},"excerpt":{"rendered":"<p>[vc_row][vc_column effect=&#8221;fadeInDown&#8221;][vc_column_text]Planujesz remont? W Salonie \u0141azienek BOZ znajdziesz wszystko, czego potrzebujesz, aby stworzy\u0107 funkcjonalne i estetyczne wn\u0119trze. W naszej ofercie zgromadzili\u015bmy niezb\u0119dne elementy wyko\u0144czenia i wyposa\u017cenia wn\u0119trz, m.in.: p\u0142ytki ceramiczne, baterie \u0142azienkowe i kuchenne, ceramik\u0119 \u0142azienkow\u0105, meble \u0142azienkowe i akcesoria, a w Centrum Budowlanym \u2013 materia\u0142y budowlane i artyku\u0142y wyko\u0144czeniowe. Na Twoje \u017cyczenie zaproponujemy Ci [&hellip;]<\/p>\n","protected":false},"author":1,"featured_media":0,"parent":0,"menu_order":10,"comment_status":"closed","ping_status":"closed","template":"","meta":{"footnotes":""},"class_list":["post-76","page","type-page","status-publish","hentry"],"yoast_head":"<!-- This site is optimized with the Yoast SEO plugin v14.7 - https:\/\/yoast.com\/wordpress\/plugins\/seo\/ -->\n<title>O Firmie - Salon \u0141azienek Rzesz\u00f3w, Tarn\u00f3w. Oferta Firmy BOZ<\/title>\n<meta name=\"description\" content=\"Salon \u0141azienek BOZ to regionalna firma oferuj\u0105ca najwy\u017cszej klasy elementy wyposa\u017cenia \u0142azienek. Dowiedz si\u0119 wi\u0119cej o naszej firmie i poznaj ofert\u0119!\" \/>\n<meta name=\"robots\" content=\"index, follow\" \/>\n<meta name=\"googlebot\" content=\"index, follow, max-snippet:-1, max-image-preview:large, max-video-preview:-1\" \/>\n<meta name=\"bingbot\" content=\"index, follow, max-snippet:-1, max-image-preview:large, max-video-preview:-1\" \/>\n<link rel=\"canonical\" href=\"https:\/\/www.boz.pl\/salon-lazienek\/historia\/\" \/>\n<meta property=\"og:locale\" content=\"pl_PL\" \/>\n<meta property=\"og:type\" content=\"article\" \/>\n<meta property=\"og:title\" content=\"O Firmie - Salon \u0141azienek Rzesz\u00f3w, Tarn\u00f3w. Oferta Firmy BOZ\" \/>\n<meta property=\"og:description\" content=\"Salon \u0141azienek BOZ to regionalna firma oferuj\u0105ca najwy\u017cszej klasy elementy wyposa\u017cenia \u0142azienek. Dowiedz si\u0119 wi\u0119cej o naszej firmie i poznaj ofert\u0119!\" \/>\n<meta property=\"og:url\" content=\"https:\/\/www.boz.pl\/salon-lazienek\/historia\/\" \/>\n<meta property=\"og:site_name\" content=\"Salon \u0141azienek BOZ S.A.\" \/>\n<meta property=\"article:modified_time\" content=\"2021-07-14T10:56:46+00:00\" \/>\n<meta name=\"twitter:card\" content=\"summary_large_image\" \/>\n<script type=\"application\/ld+json\" class=\"yoast-schema-graph\">{\"@context\":\"https:\/\/schema.org\",\"@graph\":[{\"@type\":\"WebSite\",\"@id\":\"https:\/\/www.boz.pl\/salon-lazienek\/#website\",\"url\":\"https:\/\/www.boz.pl\/salon-lazienek\/\",\"name\":\"Salon \\u0141azienek BOZ S.A.\",\"description\":\"Wyposa\\u017cenie \\u0142azienek\",\"potentialAction\":[{\"@type\":\"SearchAction\",\"target\":\"https:\/\/www.boz.pl\/salon-lazienek\/?s={search_term_string}\",\"query-input\":\"required name=search_term_string\"}],\"inLanguage\":\"pl-PL\"},{\"@type\":\"WebPage\",\"@id\":\"https:\/\/www.boz.pl\/salon-lazienek\/historia\/#webpage\",\"url\":\"https:\/\/www.boz.pl\/salon-lazienek\/historia\/\",\"name\":\"O Firmie - Salon \\u0141azienek Rzesz\\u00f3w, Tarn\\u00f3w. Oferta Firmy BOZ\",\"isPartOf\":{\"@id\":\"https:\/\/www.boz.pl\/salon-lazienek\/#website\"},\"datePublished\":\"2020-02-12T16:07:17+00:00\",\"dateModified\":\"2021-07-14T10:56:46+00:00\",\"description\":\"Salon \\u0141azienek BOZ to regionalna firma oferuj\\u0105ca najwy\\u017cszej klasy elementy wyposa\\u017cenia \\u0142azienek. Dowiedz si\\u0119 wi\\u0119cej o naszej firmie i poznaj ofert\\u0119!\",\"inLanguage\":\"pl-PL\",\"potentialAction\":[{\"@type\":\"ReadAction\",\"target\":[\"https:\/\/www.boz.pl\/salon-lazienek\/historia\/\"]}]}]}<\/script>\n<!-- \/ Yoast SEO plugin. -->","_links":{"self":[{"href":"https:\/\/www.boz.pl\/salon-lazienek\/wp-json\/wp\/v2\/pages\/76"}],"collection":[{"href":"https:\/\/www.boz.pl\/salon-lazienek\/wp-json\/wp\/v2\/pages"}],"about":[{"href":"https:\/\/www.boz.pl\/salon-lazienek\/wp-json\/wp\/v2\/types\/page"}],"author":[{"embeddable":true,"href":"https:\/\/www.boz.pl\/salon-lazienek\/wp-json\/wp\/v2\/users\/1"}],"replies":[{"embeddable":true,"href":"https:\/\/www.boz.pl\/salon-lazienek\/wp-json\/wp\/v2\/comments?post=76"}],"version-history":[{"count":23,"href":"https:\/\/www.boz.pl\/salon-lazienek\/wp-json\/wp\/v2\/pages\/76\/revisions"}],"predecessor-version":[{"id":1128,"href":"https:\/\/www.boz.pl\/salon-lazienek\/wp-json\/wp\/v2\/pages\/76\/revisions\/1128"}],"wp:attachment":[{"href":"https:\/\/www.boz.pl\/salon-lazienek\/wp-json\/wp\/v2\/media?parent=76"}],"curies":[{"name":"wp","href":"https:\/\/api.w.org\/{rel}","templated":true}]}}