{"id":693,"date":"2020-07-08T13:34:06","date_gmt":"2020-07-08T11:34:06","guid":{"rendered":"https:\/\/www.boz.pl\/salon-lazienek\/?page_id=693"},"modified":"2021-07-14T13:26:09","modified_gmt":"2021-07-14T11:26:09","slug":"rezygnacja-z-subskrybcji","status":"publish","type":"page","link":"https:\/\/www.boz.pl\/salon-lazienek\/rezygnacja-z-subskrybcji\/","title":{"rendered":"rezygnacja z subskrybcji"},"content":{"rendered":"<div class=\"wpb-content-wrapper\"><p>[vc_section][vc_row effect=&#8221;fadeInDown&#8221; animation_duration=&#8221;2s&#8221;][vc_column][vc_column_text css_animation=&#8221;none&#8221;]Je\u015bli Tw\u00f3j adres e-mail jest dodany do naszej bazy danych i z jakichkolwiek powod\u00f3w chcia\u0142by\u015b go usun\u0105\u0107, wype\u0142nij poni\u017cszy formularz a my zajmiemy si\u0119 reszt\u0105.<\/p>\n<p>[\/vc_column_text][\/vc_column][\/vc_row][vc_row delay=&#8221;true&#8221; effect=&#8221;none&#8221; delay_timer=&#8221;500&#8243;][vc_column width=&#8221;1\/2&#8243; delay=&#8221;true&#8221; effect=&#8221;fadeInLeft&#8221; delay_timer=&#8221;1000&#8243;][vc_column_text el_class=&#8221;no-bottom-margin&#8221;]<\/p>\n<h3>Formularz Rezygnacji<\/h3>\n<p>Podaj adres email, kt\u00f3ry chcesz usun\u0105\u0107 z bazy.[\/vc_column_text]<div id=\"ut_cf7_colors_69e1dfc06d842\" class=\"wpb_content_element ut-cf7-dark-skin \">\n<div class=\"wpcf7 no-js\" id=\"wpcf7-f696-o1\" lang=\"pl-PL\" dir=\"ltr\" data-wpcf7-id=\"696\">\n<div class=\"screen-reader-response\"><p role=\"status\" aria-live=\"polite\" aria-atomic=\"true\"><\/p> <ul><\/ul><\/div>\n<form action=\"\/salon-lazienek\/wp-json\/wp\/v2\/pages\/693#wpcf7-f696-o1\" method=\"post\" class=\"wpcf7-form init\" aria-label=\"Formularz kontaktowy\" novalidate=\"novalidate\" data-status=\"init\">\n<div style=\"display: none;\">\n<input type=\"hidden\" name=\"_wpcf7\" value=\"696\" \/>\n<input type=\"hidden\" name=\"_wpcf7_version\" value=\"6.0\" \/>\n<input type=\"hidden\" name=\"_wpcf7_locale\" value=\"pl_PL\" \/>\n<input type=\"hidden\" name=\"_wpcf7_unit_tag\" value=\"wpcf7-f696-o1\" \/>\n<input type=\"hidden\" name=\"_wpcf7_container_post\" value=\"0\" \/>\n<input type=\"hidden\" name=\"_wpcf7_posted_data_hash\" value=\"\" \/>\n<\/div>\n<label><span class=\"wpcf7-form-control-wrap\" data-name=\"your-email\"><input size=\"40\" maxlength=\"400\" class=\"wpcf7-form-control wpcf7-email wpcf7-validates-as-required wpcf7-text wpcf7-validates-as-email no-bottom-margin\" aria-required=\"true\" aria-invalid=\"false\" placeholder=\"adres e-mail\" value=\"\" type=\"email\" name=\"your-email\" \/><\/span> <\/label>\n<input class=\"wpcf7-form-control wpcf7-submit has-spinner subscribe\" type=\"submit\" value=\"Usu\u0144 m\u00f3j adres z bazy danych\" \/><div class=\"wpcf7-response-output\" aria-hidden=\"true\"><\/div>\n<\/form>\n<\/div>\n<\/div>[\/vc_column][vc_column width=&#8221;1\/2&#8243; delay=&#8221;true&#8221; effect=&#8221;fadeInRight&#8221; delay_timer=&#8221;500&#8243;][\/vc_column][\/vc_row][vc_row][vc_column][vc_empty_space][\/vc_column][\/vc_row][\/vc_section]<\/p>\n<\/div>","protected":false},"excerpt":{"rendered":"<p>[vc_section][vc_row effect=&#8221;fadeInDown&#8221; animation_duration=&#8221;2s&#8221;][vc_column][vc_column_text css_animation=&#8221;none&#8221;]Je\u015bli Tw\u00f3j adres e-mail jest dodany do naszej bazy danych i z jakichkolwiek powod\u00f3w chcia\u0142by\u015b go usun\u0105\u0107, wype\u0142nij poni\u017cszy formularz a my zajmiemy si\u0119 reszt\u0105. [\/vc_column_text][\/vc_column][\/vc_row][vc_row delay=&#8221;true&#8221; effect=&#8221;none&#8221; delay_timer=&#8221;500&#8243;][vc_column width=&#8221;1\/2&#8243; delay=&#8221;true&#8221; effect=&#8221;fadeInLeft&#8221; delay_timer=&#8221;1000&#8243;][vc_column_text el_class=&#8221;no-bottom-margin&#8221;] Formularz Rezygnacji Podaj adres email, kt\u00f3ry chcesz usun\u0105\u0107 z bazy.[\/vc_column_text][\/vc_column][vc_column width=&#8221;1\/2&#8243; delay=&#8221;true&#8221; effect=&#8221;fadeInRight&#8221; delay_timer=&#8221;500&#8243;][\/vc_column][\/vc_row][vc_row][vc_column][vc_empty_space][\/vc_column][\/vc_row][\/vc_section]<\/p>\n","protected":false},"author":1,"featured_media":0,"parent":0,"menu_order":6,"comment_status":"closed","ping_status":"closed","template":"","meta":{"footnotes":""},"class_list":["post-693","page","type-page","status-publish","hentry"],"yoast_head":"<!-- This site is optimized with the Yoast SEO plugin v14.7 - https:\/\/yoast.com\/wordpress\/plugins\/seo\/ -->\n<title>Rezygnacja z Subskrybcji - Salon \u0141azienek BOZ S.A.<\/title>\n<meta name=\"description\" content=\"Je\u015bli Tw\u00f3j adres e-mail jest dodany do naszej bazy danych i z jakichkolwiek powod\u00f3w chcia\u0142by\u015b go usun\u0105\u0107, wype\u0142nij poni\u017cszy formularz a my zajmiemy si\u0119 reszt\u0105.\" \/>\n<meta name=\"robots\" content=\"index, follow\" \/>\n<meta name=\"googlebot\" content=\"index, follow, max-snippet:-1, max-image-preview:large, max-video-preview:-1\" \/>\n<meta name=\"bingbot\" content=\"index, follow, max-snippet:-1, max-image-preview:large, max-video-preview:-1\" \/>\n<link rel=\"canonical\" href=\"https:\/\/www.boz.pl\/salon-lazienek\/rezygnacja-z-subskrybcji\/\" \/>\n<meta property=\"og:locale\" content=\"pl_PL\" \/>\n<meta property=\"og:type\" content=\"article\" \/>\n<meta property=\"og:title\" content=\"Rezygnacja z Subskrybcji - Salon \u0141azienek BOZ S.A.\" \/>\n<meta property=\"og:description\" content=\"Je\u015bli Tw\u00f3j adres e-mail jest dodany do naszej bazy danych i z jakichkolwiek powod\u00f3w chcia\u0142by\u015b go usun\u0105\u0107, wype\u0142nij poni\u017cszy formularz a my zajmiemy si\u0119 reszt\u0105.\" \/>\n<meta property=\"og:url\" content=\"https:\/\/www.boz.pl\/salon-lazienek\/rezygnacja-z-subskrybcji\/\" \/>\n<meta property=\"og:site_name\" content=\"Salon \u0141azienek BOZ S.A.\" \/>\n<meta property=\"article:modified_time\" content=\"2021-07-14T11:26:09+00:00\" \/>\n<meta name=\"twitter:card\" content=\"summary_large_image\" \/>\n<script type=\"application\/ld+json\" class=\"yoast-schema-graph\">{\"@context\":\"https:\/\/schema.org\",\"@graph\":[{\"@type\":\"WebSite\",\"@id\":\"https:\/\/www.boz.pl\/salon-lazienek\/#website\",\"url\":\"https:\/\/www.boz.pl\/salon-lazienek\/\",\"name\":\"Salon \\u0141azienek BOZ S.A.\",\"description\":\"Wyposa\\u017cenie \\u0142azienek\",\"potentialAction\":[{\"@type\":\"SearchAction\",\"target\":\"https:\/\/www.boz.pl\/salon-lazienek\/?s={search_term_string}\",\"query-input\":\"required name=search_term_string\"}],\"inLanguage\":\"pl-PL\"},{\"@type\":\"WebPage\",\"@id\":\"https:\/\/www.boz.pl\/salon-lazienek\/rezygnacja-z-subskrybcji\/#webpage\",\"url\":\"https:\/\/www.boz.pl\/salon-lazienek\/rezygnacja-z-subskrybcji\/\",\"name\":\"Rezygnacja z Subskrybcji - Salon \\u0141azienek BOZ S.A.\",\"isPartOf\":{\"@id\":\"https:\/\/www.boz.pl\/salon-lazienek\/#website\"},\"datePublished\":\"2020-07-08T11:34:06+00:00\",\"dateModified\":\"2021-07-14T11:26:09+00:00\",\"description\":\"Je\\u015bli Tw\\u00f3j adres e-mail jest dodany do naszej bazy danych i z jakichkolwiek powod\\u00f3w chcia\\u0142by\\u015b go usun\\u0105\\u0107, wype\\u0142nij poni\\u017cszy formularz a my zajmiemy si\\u0119 reszt\\u0105.\",\"inLanguage\":\"pl-PL\",\"potentialAction\":[{\"@type\":\"ReadAction\",\"target\":[\"https:\/\/www.boz.pl\/salon-lazienek\/rezygnacja-z-subskrybcji\/\"]}]}]}<\/script>\n<!-- \/ Yoast SEO plugin. -->","_links":{"self":[{"href":"https:\/\/www.boz.pl\/salon-lazienek\/wp-json\/wp\/v2\/pages\/693"}],"collection":[{"href":"https:\/\/www.boz.pl\/salon-lazienek\/wp-json\/wp\/v2\/pages"}],"about":[{"href":"https:\/\/www.boz.pl\/salon-lazienek\/wp-json\/wp\/v2\/types\/page"}],"author":[{"embeddable":true,"href":"https:\/\/www.boz.pl\/salon-lazienek\/wp-json\/wp\/v2\/users\/1"}],"replies":[{"embeddable":true,"href":"https:\/\/www.boz.pl\/salon-lazienek\/wp-json\/wp\/v2\/comments?post=693"}],"version-history":[{"count":3,"href":"https:\/\/www.boz.pl\/salon-lazienek\/wp-json\/wp\/v2\/pages\/693\/revisions"}],"predecessor-version":[{"id":697,"href":"https:\/\/www.boz.pl\/salon-lazienek\/wp-json\/wp\/v2\/pages\/693\/revisions\/697"}],"wp:attachment":[{"href":"https:\/\/www.boz.pl\/salon-lazienek\/wp-json\/wp\/v2\/media?parent=693"}],"curies":[{"name":"wp","href":"https:\/\/api.w.org\/{rel}","templated":true}]}}