{"id":106,"date":"2020-02-13T17:50:55","date_gmt":"2020-02-13T16:50:55","guid":{"rendered":"http:\/\/www.boz.dev.wydajnyweb.pl\/salon-lazienek\/?page_id=106"},"modified":"2020-08-12T11:44:37","modified_gmt":"2020-08-12T09:44:37","slug":"zastrzezona-tresc-dla-architektow","status":"publish","type":"page","link":"https:\/\/www.boz.pl\/salon-lazienek\/zastrzezona-tresc-dla-architektow\/","title":{"rendered":"Zastrze\u017cona tre\u015b\u0107 dla architekt\u00f3w"},"content":{"rendered":"","protected":true},"excerpt":{"rendered":"","protected":true},"author":1,"featured_media":0,"parent":0,"menu_order":13,"comment_status":"closed","ping_status":"closed","template":"","meta":{"footnotes":""},"class_list":["post-106","page","type-page","status-publish","post-password-required","hentry"],"yoast_head":"<!-- This site is optimized with the Yoast SEO plugin v14.7 - https:\/\/yoast.com\/wordpress\/plugins\/seo\/ -->\n<title>Zastrze\u017cona tre\u015b\u0107 dla architekt\u00f3w - Salon \u0141azienek BOZ S.A.<\/title>\n<meta name=\"robots\" content=\"index, follow\" \/>\n<meta name=\"googlebot\" content=\"index, follow, max-snippet:-1, max-image-preview:large, max-video-preview:-1\" \/>\n<meta name=\"bingbot\" content=\"index, follow, max-snippet:-1, max-image-preview:large, max-video-preview:-1\" \/>\n<link rel=\"canonical\" href=\"https:\/\/www.boz.pl\/salon-lazienek\/zastrzezona-tresc-dla-architektow\/\" \/>\n<meta property=\"og:locale\" content=\"pl_PL\" \/>\n<meta property=\"og:type\" content=\"article\" \/>\n<meta property=\"og:title\" content=\"Zastrze\u017cona tre\u015b\u0107 dla architekt\u00f3w - Salon \u0141azienek BOZ S.A.\" \/>\n<meta property=\"og:description\" content=\"Brak zajawki, poniewa\u017c wpis jest zabezpieczony has\u0142em.\" \/>\n<meta property=\"og:url\" content=\"https:\/\/www.boz.pl\/salon-lazienek\/zastrzezona-tresc-dla-architektow\/\" \/>\n<meta property=\"og:site_name\" content=\"Salon \u0141azienek BOZ S.A.\" \/>\n<meta property=\"article:modified_time\" content=\"2020-08-12T09:44:37+00:00\" \/>\n<meta name=\"twitter:card\" content=\"summary_large_image\" \/>\n<script type=\"application\/ld+json\" class=\"yoast-schema-graph\">{\"@context\":\"https:\/\/schema.org\",\"@graph\":[{\"@type\":\"WebSite\",\"@id\":\"https:\/\/www.boz.pl\/salon-lazienek\/#website\",\"url\":\"https:\/\/www.boz.pl\/salon-lazienek\/\",\"name\":\"Salon \\u0141azienek BOZ S.A.\",\"description\":\"Wyposa\\u017cenie \\u0142azienek\",\"potentialAction\":[{\"@type\":\"SearchAction\",\"target\":\"https:\/\/www.boz.pl\/salon-lazienek\/?s={search_term_string}\",\"query-input\":\"required name=search_term_string\"}],\"inLanguage\":\"pl-PL\"},{\"@type\":\"WebPage\",\"@id\":\"https:\/\/www.boz.pl\/salon-lazienek\/zastrzezona-tresc-dla-architektow\/#webpage\",\"url\":\"https:\/\/www.boz.pl\/salon-lazienek\/zastrzezona-tresc-dla-architektow\/\",\"name\":\"Zastrze\\u017cona tre\\u015b\\u0107 dla architekt\\u00f3w - Salon \\u0141azienek BOZ S.A.\",\"isPartOf\":{\"@id\":\"https:\/\/www.boz.pl\/salon-lazienek\/#website\"},\"datePublished\":\"2020-02-13T16:50:55+00:00\",\"dateModified\":\"2020-08-12T09:44:37+00:00\",\"inLanguage\":\"pl-PL\",\"potentialAction\":[{\"@type\":\"ReadAction\",\"target\":[\"https:\/\/www.boz.pl\/salon-lazienek\/zastrzezona-tresc-dla-architektow\/\"]}]}]}<\/script>\n<!-- \/ Yoast SEO plugin. -->","_links":{"self":[{"href":"https:\/\/www.boz.pl\/salon-lazienek\/wp-json\/wp\/v2\/pages\/106"}],"collection":[{"href":"https:\/\/www.boz.pl\/salon-lazienek\/wp-json\/wp\/v2\/pages"}],"about":[{"href":"https:\/\/www.boz.pl\/salon-lazienek\/wp-json\/wp\/v2\/types\/page"}],"author":[{"embeddable":true,"href":"https:\/\/www.boz.pl\/salon-lazienek\/wp-json\/wp\/v2\/users\/1"}],"replies":[{"embeddable":true,"href":"https:\/\/www.boz.pl\/salon-lazienek\/wp-json\/wp\/v2\/comments?post=106"}],"version-history":[{"count":7,"href":"https:\/\/www.boz.pl\/salon-lazienek\/wp-json\/wp\/v2\/pages\/106\/revisions"}],"predecessor-version":[{"id":773,"href":"https:\/\/www.boz.pl\/salon-lazienek\/wp-json\/wp\/v2\/pages\/106\/revisions\/773"}],"wp:attachment":[{"href":"https:\/\/www.boz.pl\/salon-lazienek\/wp-json\/wp\/v2\/media?parent=106"}],"curies":[{"name":"wp","href":"https:\/\/api.w.org\/{rel}","templated":true}]}}