{"id":78,"date":"2020-02-18T11:24:30","date_gmt":"2020-02-18T10:24:30","guid":{"rendered":"http:\/\/www.boz.dev.wydajnyweb.pl\/centrum-budowlane\/?page_id=78"},"modified":"2024-04-25T09:26:51","modified_gmt":"2024-04-25T07:26:51","slug":"historia","status":"publish","type":"page","link":"https:\/\/www.boz.pl\/centrum-budowlane\/historia\/","title":{"rendered":"Historia"},"content":{"rendered":"<div class=\"wpb-content-wrapper\"><p>[vc_row][vc_column effect=&#8221;fadeInDown&#8221;][vc_column_text]Firma Handlowa \u201eBOZ\u201d S.A. jest jedn\u0105 z najwi\u0119kszych w Rejonie Polski Po\u0142udniowo -Wschodniej firm, specjalizuj\u0105cych si\u0119 w handlu materia\u0142ami budowlanymi, artyku\u0142ami wyko\u0144czeniowymi oraz armatur\u0105 i ceramik\u0105 \u0142azienkow\u0105. Dzi\u0119ki po\u0142\u0105czeniu wiedzy i talentu pracownik\u00f3w oraz wieloletnim doskona\u0142ym relacjom z najlepszymi dostawcami na ca\u0142ym \u015bwiecie BOZ\u00a0 ju\u017c od dwudziestu lat poszerza zakres swojej dzia\u0142alno\u015bci, udost\u0119pniaj\u0105c swoim Klientom szczeg\u00f3\u0142ow\u0105 wiedz\u0119 i pe\u0142ne spektrum artyku\u0142\u00f3w budowlanych i wyko\u0144czeniowych.[\/vc_column_text]<div  class=\"wpb_content_element   clearfix\"><style type=\"text\/css\">#ut_am_69f188a983b60 { opacity: 1; }#ut_am_wrap_69f188a983b61 { text-align: left; }@media (min-width: 768px) and (max-width: 1024px) { #ut_am_wrap_69f188a983b61 { text-align: left !important; } }@media (max-width: 767px) { #ut_am_wrap_69f188a983b61 { text-align: center !important; } }<\/style><div id=\"ut_am_wrap_69f188a983b61\" class=\"ut-image-gallery-image \"><div id=\"ut_reveal_69f188a983b62\"  data-appear-top-offset=\"auto\" class=\"ut-animated-image-item ut-image-gallery-item ut-animation-done \"><a class=\"ut-deactivated-link\" href=\"#\"><div class=\"ut-box-shadow-container ut-box-shadow-1\"><div class=\"ut-box-shadow-container-inner\"><\/div><\/div><div class=\"ut-animated-image-zoom\">\r\n        <div class=\"ut-element-glitch-wrap\">\r\n\r\n            \r\n        <style type=\"text\/css\">\r\n\r\n                        \r\n        @media (min-width: 1025px) {\r\n\r\n        #ut-element-glitch-69f188a983b89263999972-1036 .ut-glitch-single-element {\r\n                                            \r\n                }\r\n        }\r\n\r\n        @media (min-width: 768px) and (max-width: 1024px) {\r\n\r\n        #ut-element-glitch-69f188a983b89263999972-1036 .ut-glitch-single-element {\r\n                                                \r\n                    }\r\n        }\r\n\r\n        @media (max-width: 767px) {\r\n\r\n        #ut-element-glitch-69f188a983b89263999972-1036 .ut-glitch-single-element {\r\n                                                \r\n                    }\r\n        }\r\n\r\n        \r\n        <\/style>\r\n\r\n        \r\n            <div id=\"ut-element-glitch-69f188a983b89263999972-1036\" class=\" ut-element-glitch ut-glitch-none ut-element-glitch-permanent\">\r\n                <div class=\"ut-glitch-single-element ut-lozad skip-lazy\" data-background-image=\"https:\/\/www.boz.pl\/centrum-budowlane\/wp-content\/uploads\/sites\/3\/2024\/04\/Energetyczna.jpg\"><\/div>\r\n                <div class=\"ut-glitch-single-element ut-lozad skip-lazy\" data-background-image=\"https:\/\/www.boz.pl\/centrum-budowlane\/wp-content\/uploads\/sites\/3\/2024\/04\/Energetyczna.jpg\"><\/div>\r\n                <div class=\"ut-glitch-single-element ut-lozad skip-lazy\" data-background-image=\"https:\/\/www.boz.pl\/centrum-budowlane\/wp-content\/uploads\/sites\/3\/2024\/04\/Energetyczna.jpg\"><\/div>\r\n                <div class=\"ut-glitch-single-element ut-lozad skip-lazy\" data-background-image=\"https:\/\/www.boz.pl\/centrum-budowlane\/wp-content\/uploads\/sites\/3\/2024\/04\/Energetyczna.jpg\"><\/div>\r\n                <div class=\"ut-glitch-single-element ut-lozad skip-lazy\" data-background-image=\"https:\/\/www.boz.pl\/centrum-budowlane\/wp-content\/uploads\/sites\/3\/2024\/04\/Energetyczna.jpg\"><\/div>\r\n            <\/div>\r\n\r\n        <\/div>\r\n\r\n        <img loading=\"lazy\" decoding=\"async\" class=\"ut-lazy skip-lazy ut-animated-image \"  id=\"ut_am_69f188a983b60\" src=\"data:image\/svg+xml;charset=utf-8,%3Csvg xmlns%3D'http%3A%2F%2Fwww.w3.org%2F2000%2Fsvg' viewBox%3D'0 0 1360 596'%2F%3E\" data-src=\"https:\/\/www.boz.pl\/centrum-budowlane\/wp-content\/uploads\/sites\/3\/2024\/04\/Energetyczna.jpg\" width=\"1360\" height=\"596\" alt=\"\"\/><\/div><\/a><\/div><\/div><\/div>[\/vc_column][\/vc_row][vc_row][vc_column effect=&#8221;fadeInLeft&#8221;][vc_column_text]<\/p>\n<h3>Hurtowa i detaliczna sprzeda\u017c materia\u0142\u00f3w budowlanych<\/h3>\n<p>Na pocz\u0105tku lat 90-tych w trakcie rozpoczynaj\u0105cego si\u0119 \u017cywio\u0142owo wzrostu gospodarczego kraju trzech wsp\u00f3lnik\u00f3w powo\u0142a\u0142o do \u017cycia firm\u0119 BOZ. Od pocz\u0105tku swojej dzia\u0142alno\u015bci firma zajmowa\u0142a si\u0119 sprzeda\u017c\u0105 hurtow\u0105 i detaliczn\u0105 materia\u0142\u00f3w budowlanych, p\u0142ytek ceramicznych oraz wyposa\u017cenia \u0142azienek. Na przestrzeni ponad dwudziestu lat dzia\u0142alno\u015bci \u201eBOZ\u201d nawi\u0105za\u0142 wsp\u00f3\u0142prac\u0119 z kilkuset firmami z ca\u0142ego \u015bwiata i w dalszym ci\u0105gu sukcesywnie poszerza grono swoich kontrahent\u00f3w.[\/vc_column_text][\/vc_column][\/vc_row][vc_row][vc_column effect=&#8221;fadeInRight&#8221;][vc_column_text]<\/p>\n<h3>Centrum budowlane Rzesz\u00f3w, Tarn\u00f3w, Przemy\u015bl<\/h3>\n<p>Zgodnie z ide\u0105 otwarto\u015bci na nowe potrzeby Klient\u00f3w firma BOZ konsekwentnie realizowa\u0142a plany ekspansji produktowej i terytorialnej. W listopadzie 1994 roku otworzono Centrum Ceramiki BOZ w Tarnowie przy ulicy Kochanowskiego. Poszerzaj\u0105cy si\u0119 asortyment i ci\u0105gle rosn\u0105ca liczba Klient\u00f3w wp\u0142yn\u0119\u0142y na podj\u0119cie decyzji o wybudowaniu w sierpniu 1996 roku Centrum Ceramiki BOZ przy ulicy Geodet\u00f3w, a w pa\u017adzierniku 1997 roku Centrum Budowlanego przy ulicy Energetycznej w Rzeszowie wraz z obszern\u0105 powierzchni\u0105 magazynow\u0105 oraz stacj\u0105 paliw.<\/p>\n<p>Zr\u00f3\u017cnicowane wymagania Klient\u00f3w firmy BOZ sk\u0142oni\u0142y w\u0142a\u015bcicieli do dalszych inwestycji, dzi\u0119ki czemu w listopadzie 2002 roku przy ulicy Geodet\u00f3w powsta\u0142a najwi\u0119ksza w Polsce ekspozycja p\u0142ytek ceramicznych o powierzchni 1 300 m 2. Jednocze\u015bnie w budynku otwartym sze\u015b\u0107 lat wcze\u015bniej powsta\u0142a ekspozycja wyposa\u017cenia \u0142azienek na powierzchni 1 600 m 2. W chwili obecnej poza dwoma oddzia\u0142ami w Rzeszowie oraz jednym w Tarnowie w sk\u0142ad grupy \u201eBOZ\u201d wchodz\u0105 r\u00f3wnie\u017c dwa oddzia\u0142y \u201eBOZ-3\u201d w Przemy\u015blu.[\/vc_column_text][\/vc_column][\/vc_row][vc_row][vc_column effect=&#8221;fadeInLeft&#8221;]<div class=\"wpb_content_element ut-gallery-10  clearfix\"><style type=\"text\/css\">#ut_ig_69f188a983bcc .ut-lazy:not(.ut-image-loaded) + .ut-video-module-loading { display:block; }#ut_ig_69f188a983bcc .ut-lazy.ut-image-loaded + .ut-video-module-loading { display:none; }<\/style><div id=\"ut_ig_69f188a983bcc\" class=\"ut-image-gallery ut-image-gallery-module  ut-image-gallery-10 clearfix\" data-settings=\"{&quot;animate&quot;:true,&quot;effect&quot;:&quot;&quot;,&quot;lazy&quot;:true,&quot;delay_animation&quot;:false,&quot;global_delay_animation&quot;:false,&quot;delay_timer&quot;:100,&quot;global_delay_timer&quot;:100}\" ><div  data-count=\"5\" class=\"ut-image-gallery-item ut-animation-done grid-25 tablet-grid-50 mobile-grid-100\"><a  class=\"ut-vc-images-lightbox ut-vc-images-lightbox-group-image\"  data-exthumbimage=\"https:\/\/www.boz.pl\/centrum-budowlane\/wp-content\/uploads\/sites\/3\/2020\/06\/old4-200x200.jpg\" href=\"https:\/\/www.boz.pl\/centrum-budowlane\/wp-content\/uploads\/sites\/3\/2020\/06\/old4.jpg\" ><div class=\"ut-image-gallery-image\" ><img loading=\"lazy\" decoding=\"async\"  class=\" ut-lazy skip-lazy\" src=\"data:image\/svg+xml;charset=utf-8,%3Csvg xmlns%3D'http%3A%2F%2Fwww.w3.org%2F2000%2Fsvg' viewBox%3D'0 0 1300 867'%2F%3E\" data-src=\"https:\/\/www.boz.pl\/centrum-budowlane\/wp-content\/uploads\/sites\/3\/2020\/06\/old4-1300x867.jpg\" width=\"1300\" height=\"867\"><\/div><\/a><\/div><div  data-count=\"5\" class=\"ut-image-gallery-item ut-animation-done ut-animation-done grid-25 tablet-grid-50 mobile-grid-100\"><a  class=\"ut-vc-images-lightbox ut-vc-images-lightbox-group-image\"  data-exthumbimage=\"https:\/\/www.boz.pl\/centrum-budowlane\/wp-content\/uploads\/sites\/3\/2020\/02\/4anYSIqa2upGuEr7SdZpY-200x200.jpg\" href=\"https:\/\/www.boz.pl\/centrum-budowlane\/wp-content\/uploads\/sites\/3\/2020\/02\/4anYSIqa2upGuEr7SdZpY.jpg\" ><div class=\"ut-image-gallery-image\" ><img loading=\"lazy\" decoding=\"async\"  class=\" ut-lazy skip-lazy\" src=\"data:image\/svg+xml;charset=utf-8,%3Csvg xmlns%3D'http%3A%2F%2Fwww.w3.org%2F2000%2Fsvg' viewBox%3D'0 0 1300 867'%2F%3E\" data-src=\"https:\/\/www.boz.pl\/centrum-budowlane\/wp-content\/uploads\/sites\/3\/2020\/02\/4anYSIqa2upGuEr7SdZpY-1300x867.jpg\" width=\"1300\" height=\"867\"><\/div><\/a><\/div><div  data-count=\"5\" class=\"ut-image-gallery-item ut-animation-done ut-animation-done ut-animation-done grid-25 tablet-grid-50 mobile-grid-100 ut-tablet-last\"><a  class=\"ut-vc-images-lightbox ut-vc-images-lightbox-group-image\"  data-exthumbimage=\"https:\/\/www.boz.pl\/centrum-budowlane\/wp-content\/uploads\/sites\/3\/2020\/02\/5anYSIqa2upGuEr7SdZpY-200x200.jpg\" href=\"https:\/\/www.boz.pl\/centrum-budowlane\/wp-content\/uploads\/sites\/3\/2020\/02\/5anYSIqa2upGuEr7SdZpY.jpg\" ><div class=\"ut-image-gallery-image\" ><img loading=\"lazy\" decoding=\"async\"  class=\" ut-lazy skip-lazy\" src=\"data:image\/svg+xml;charset=utf-8,%3Csvg xmlns%3D'http%3A%2F%2Fwww.w3.org%2F2000%2Fsvg' viewBox%3D'0 0 1300 867'%2F%3E\" data-src=\"https:\/\/www.boz.pl\/centrum-budowlane\/wp-content\/uploads\/sites\/3\/2020\/02\/5anYSIqa2upGuEr7SdZpY-1300x867.jpg\" width=\"1300\" height=\"867\"><\/div><\/a><\/div><div class=\"clear hide-on-desktop hide-on-tablet\"><\/div><div  data-count=\"1\" class=\"ut-image-gallery-item ut-animation-done ut-animation-done ut-animation-done ut-animation-done grid-25 tablet-grid-50 mobile-grid-100 ut-desktop-last\"><a  class=\"ut-vc-images-lightbox ut-vc-images-lightbox-group-image\"  data-exthumbimage=\"https:\/\/www.boz.pl\/centrum-budowlane\/wp-content\/uploads\/sites\/3\/2020\/02\/7anYSIqa2upGuEr7SdZpY-200x200.jpg\" href=\"https:\/\/www.boz.pl\/centrum-budowlane\/wp-content\/uploads\/sites\/3\/2020\/02\/7anYSIqa2upGuEr7SdZpY.jpg\" ><div class=\"ut-image-gallery-image\" ><img loading=\"lazy\" decoding=\"async\"  class=\" ut-lazy skip-lazy\" src=\"data:image\/svg+xml;charset=utf-8,%3Csvg xmlns%3D'http%3A%2F%2Fwww.w3.org%2F2000%2Fsvg' viewBox%3D'0 0 1300 867'%2F%3E\" data-src=\"https:\/\/www.boz.pl\/centrum-budowlane\/wp-content\/uploads\/sites\/3\/2020\/02\/7anYSIqa2upGuEr7SdZpY-1300x867.jpg\" width=\"1300\" height=\"867\"><\/div><\/a><\/div><div class=\"clear hide-on-tablet\"><\/div><div  data-count=\"1\" class=\"ut-image-gallery-item ut-animation-done ut-animation-done ut-animation-done ut-animation-done ut-animation-done grid-25 tablet-grid-50 mobile-grid-100\"><a  class=\"ut-vc-images-lightbox ut-vc-images-lightbox-group-image\"  data-exthumbimage=\"https:\/\/www.boz.pl\/centrum-budowlane\/wp-content\/uploads\/sites\/3\/2020\/02\/6anYSIqa2upGuEr7SdZpY-200x200.jpg\" href=\"https:\/\/www.boz.pl\/centrum-budowlane\/wp-content\/uploads\/sites\/3\/2020\/02\/6anYSIqa2upGuEr7SdZpY.jpg\" ><div class=\"ut-image-gallery-image\" ><img loading=\"lazy\" decoding=\"async\"  class=\" ut-lazy skip-lazy\" src=\"data:image\/svg+xml;charset=utf-8,%3Csvg xmlns%3D'http%3A%2F%2Fwww.w3.org%2F2000%2Fsvg' viewBox%3D'0 0 1300 867'%2F%3E\" data-src=\"https:\/\/www.boz.pl\/centrum-budowlane\/wp-content\/uploads\/sites\/3\/2020\/02\/6anYSIqa2upGuEr7SdZpY-1300x867.jpg\" width=\"1300\" height=\"867\"><\/div><\/a><\/div><div class=\"ut-image-gallery-sizer\"><\/div><div class=\"clear\"><\/div><\/div><\/div>[vc_empty_space height=&#8221;100px&#8221;][\/vc_column][\/vc_row]<\/p>\n<\/div>","protected":false},"excerpt":{"rendered":"<p>[vc_row][vc_column effect=&#8221;fadeInDown&#8221;][vc_column_text]Firma Handlowa \u201eBOZ\u201d S.A. jest jedn\u0105 z najwi\u0119kszych w Rejonie Polski Po\u0142udniowo -Wschodniej firm, specjalizuj\u0105cych si\u0119 w handlu materia\u0142ami budowlanymi, artyku\u0142ami wyko\u0144czeniowymi oraz armatur\u0105 i ceramik\u0105 \u0142azienkow\u0105. Dzi\u0119ki po\u0142\u0105czeniu wiedzy i talentu pracownik\u00f3w oraz wieloletnim doskona\u0142ym relacjom z najlepszymi dostawcami na ca\u0142ym \u015bwiecie BOZ\u00a0 ju\u017c od dwudziestu lat poszerza zakres swojej dzia\u0142alno\u015bci, udost\u0119pniaj\u0105c swoim [&hellip;]<\/p>\n","protected":false},"author":1,"featured_media":1036,"parent":0,"menu_order":0,"comment_status":"closed","ping_status":"closed","template":"","meta":{"footnotes":""},"class_list":["post-78","page","type-page","status-publish","has-post-thumbnail","hentry"],"yoast_head":"<!-- This site is optimized with the Yoast SEO plugin v14.7 - https:\/\/yoast.com\/wordpress\/plugins\/seo\/ -->\n<title>Historia Centrum Budowlanego BOZ S.A. w Rzeszowie i Tarnowie<\/title>\n<meta name=\"description\" content=\"Poznaj histori\u0119 firmy BOZ S.A. - centrum budowlane w Rzeszowie, Tarnowie i Przemy\u015blu. Wysokiej klasy materia\u0142y budowlane w niskich cenach!\" \/>\n<meta name=\"robots\" content=\"index, follow\" \/>\n<meta name=\"googlebot\" content=\"index, follow, max-snippet:-1, max-image-preview:large, max-video-preview:-1\" \/>\n<meta name=\"bingbot\" content=\"index, follow, max-snippet:-1, max-image-preview:large, max-video-preview:-1\" \/>\n<link rel=\"canonical\" href=\"https:\/\/www.boz.pl\/centrum-budowlane\/historia\/\" \/>\n<meta property=\"og:locale\" content=\"pl_PL\" \/>\n<meta property=\"og:type\" content=\"article\" \/>\n<meta property=\"og:title\" content=\"Historia Centrum Budowlanego BOZ S.A. w Rzeszowie i Tarnowie\" \/>\n<meta property=\"og:description\" content=\"Poznaj histori\u0119 firmy BOZ S.A. - centrum budowlane w Rzeszowie, Tarnowie i Przemy\u015blu. Wysokiej klasy materia\u0142y budowlane w niskich cenach!\" \/>\n<meta property=\"og:url\" content=\"https:\/\/www.boz.pl\/centrum-budowlane\/historia\/\" \/>\n<meta property=\"og:site_name\" content=\"Centrum Budowlane BOZ S.A.\" \/>\n<meta property=\"article:modified_time\" content=\"2024-04-25T07:26:51+00:00\" \/>\n<meta property=\"og:image\" content=\"https:\/\/www.boz.pl\/centrum-budowlane\/wp-content\/uploads\/sites\/3\/2024\/04\/Energetyczna.jpg\" \/>\n\t<meta property=\"og:image:width\" content=\"1360\" \/>\n\t<meta property=\"og:image:height\" content=\"596\" \/>\n<meta name=\"twitter:card\" content=\"summary_large_image\" \/>\n<script type=\"application\/ld+json\" class=\"yoast-schema-graph\">{\"@context\":\"https:\/\/schema.org\",\"@graph\":[{\"@type\":\"WebSite\",\"@id\":\"https:\/\/www.boz.pl\/centrum-budowlane\/#website\",\"url\":\"https:\/\/www.boz.pl\/centrum-budowlane\/\",\"name\":\"Centrum Budowlane BOZ S.A.\",\"description\":\"Materia\\u0142y budowlane\",\"potentialAction\":[{\"@type\":\"SearchAction\",\"target\":\"https:\/\/www.boz.pl\/centrum-budowlane\/?s={search_term_string}\",\"query-input\":\"required name=search_term_string\"}],\"inLanguage\":\"pl-PL\"},{\"@type\":\"ImageObject\",\"@id\":\"https:\/\/www.boz.pl\/centrum-budowlane\/historia\/#primaryimage\",\"inLanguage\":\"pl-PL\",\"url\":\"https:\/\/www.boz.pl\/centrum-budowlane\/wp-content\/uploads\/sites\/3\/2024\/04\/Energetyczna.jpg\",\"width\":1360,\"height\":596},{\"@type\":\"WebPage\",\"@id\":\"https:\/\/www.boz.pl\/centrum-budowlane\/historia\/#webpage\",\"url\":\"https:\/\/www.boz.pl\/centrum-budowlane\/historia\/\",\"name\":\"Historia Centrum Budowlanego BOZ S.A. w Rzeszowie i Tarnowie\",\"isPartOf\":{\"@id\":\"https:\/\/www.boz.pl\/centrum-budowlane\/#website\"},\"primaryImageOfPage\":{\"@id\":\"https:\/\/www.boz.pl\/centrum-budowlane\/historia\/#primaryimage\"},\"datePublished\":\"2020-02-18T10:24:30+00:00\",\"dateModified\":\"2024-04-25T07:26:51+00:00\",\"description\":\"Poznaj histori\\u0119 firmy BOZ S.A. - centrum budowlane w Rzeszowie, Tarnowie i Przemy\\u015blu. Wysokiej klasy materia\\u0142y budowlane w niskich cenach!\",\"inLanguage\":\"pl-PL\",\"potentialAction\":[{\"@type\":\"ReadAction\",\"target\":[\"https:\/\/www.boz.pl\/centrum-budowlane\/historia\/\"]}]}]}<\/script>\n<!-- \/ Yoast SEO plugin. -->","_links":{"self":[{"href":"https:\/\/www.boz.pl\/centrum-budowlane\/wp-json\/wp\/v2\/pages\/78"}],"collection":[{"href":"https:\/\/www.boz.pl\/centrum-budowlane\/wp-json\/wp\/v2\/pages"}],"about":[{"href":"https:\/\/www.boz.pl\/centrum-budowlane\/wp-json\/wp\/v2\/types\/page"}],"author":[{"embeddable":true,"href":"https:\/\/www.boz.pl\/centrum-budowlane\/wp-json\/wp\/v2\/users\/1"}],"replies":[{"embeddable":true,"href":"https:\/\/www.boz.pl\/centrum-budowlane\/wp-json\/wp\/v2\/comments?post=78"}],"version-history":[{"count":9,"href":"https:\/\/www.boz.pl\/centrum-budowlane\/wp-json\/wp\/v2\/pages\/78\/revisions"}],"predecessor-version":[{"id":1038,"href":"https:\/\/www.boz.pl\/centrum-budowlane\/wp-json\/wp\/v2\/pages\/78\/revisions\/1038"}],"wp:featuredmedia":[{"embeddable":true,"href":"https:\/\/www.boz.pl\/centrum-budowlane\/wp-json\/wp\/v2\/media\/1036"}],"wp:attachment":[{"href":"https:\/\/www.boz.pl\/centrum-budowlane\/wp-json\/wp\/v2\/media?parent=78"}],"curies":[{"name":"wp","href":"https:\/\/api.w.org\/{rel}","templated":true}]}}