{"id":574,"date":"2021-09-16T12:56:21","date_gmt":"2021-09-16T10:56:21","guid":{"rendered":"https:\/\/www.boz.pl\/centrum-budowlane\/?page_id=574"},"modified":"2022-02-07T11:25:37","modified_gmt":"2022-02-07T10:25:37","slug":"kolektory-sloneczne-rzeszow","status":"publish","type":"page","link":"https:\/\/www.boz.pl\/centrum-budowlane\/kolektory-sloneczne-rzeszow\/","title":{"rendered":"Kolektory s\u0142oneczne Rzesz\u00f3w"},"content":{"rendered":"<p style=\"text-align: justify\"><b>Kolektory s\u0142oneczne<\/b> to urz\u0105dzenia, kt\u00f3re przetwarzaj\u0105 promieniowanie s\u0142oneczne na energi\u0119 ciepln\u0105, przekazuj\u0105c j\u0105 do zasobnika z wod\u0105 w celu p\u00f3\u017aniejszego jej wykorzystania. Wytworzona w ten spos\u00f3b ciep\u0142a woda jest wykorzystywana do cel\u00f3w sanitarnych, ogrzewania lub ch\u0142odzenia domu.\u00a0M\u00f3wi\u0105c pro\u015bciej, <b>kolektory s\u0142oneczne<\/b> maj\u0105 wra\u017cliw\u0105 powierzchni\u0119, kt\u00f3ra wychwytuje najwi\u0119kszy mo\u017cliwy procent energii s\u0142onecznej, przekszta\u0142caj\u0105c j\u0105 w energi\u0119 ciepln\u0105. Wykorzystuj\u0105c efekt cieplarniany, tworz\u0105 \u015brodowisko, w kt\u00f3rym ciep\u0142o nie rozprasza si\u0119 na zewn\u0105trz, ale jest przekazywane do wody, kt\u00f3ra jest nast\u0119pnie odprowadzana do obiegu domowego.<\/p>\n<h2>Typy kolektor\u00f3w s\u0142onecznych<\/h2>\n<p><img loading=\"lazy\" decoding=\"async\" class=\"alignright wp-image-726\" title=\"kolektory s\u0142oneczne rzesz\u00f3w\" src=\"https:\/\/www.boz.pl\/wp-content\/uploads\/2021\/08\/kolektory-sloneczne-rzeszow-650x433.jpg\" alt=\"kolektory s\u0142oneczne rzesz\u00f3w\" width=\"500\" height=\"500\" \/><\/p>\n<p style=\"text-align: justify\"><strong>Istniej\u0105 trzy g\u0142\u00f3wne typy kolektor\u00f3w:<\/strong><\/p>\n<h3 style=\"text-align: justify\"><i><b>Kolektory p\u0142askie <\/b><\/i><\/h3>\n<p style=\"text-align: justify\">S\u0105 one obecnie najbardziej powszechnym typem <b>kolektora s\u0142onecznego<\/b>, kt\u00f3ry cechuje si\u0119 wysok\u0105 wydajno\u015bci\u0105 i trwa\u0142o\u015bci\u0105.\u00a0<i>Kolektory s\u0142oneczne p\u0142askie<\/i> zawieraj\u0105 izolowan\u0105 p\u0142ask\u0105 p\u0142yt\u0119, kt\u00f3ra absorbuje promienie s\u0142oneczne i do kt\u00f3rej przymocowane s\u0105 miedziane lub aluminiowe kana\u0142y przep\u0142ywowe dla p\u0142ynu grzewczego. Za pomoc\u0105 specjalnych w\u0119\u017cownic zainstalowanych w zbiorniku wodnym p\u0142yn solarny, najcz\u0119\u015bciej w postaci glikolu, przekazuje ciep\u0142o, podgrzewaj\u0105c wod\u0119 u\u017cytkow\u0105.<\/p>\n<h3 style=\"text-align: justify\"><i><b>Kolektory pr\u00f3\u017cniowo-rurowe<\/b><\/i><\/h3>\n<p style=\"text-align: justify\"><i><b> <\/b><\/i>Konstrukcja tych <b>kolektor\u00f3w s\u0142onecznych<\/b> sk\u0142ada si\u0119 z systemu rur o podw\u00f3jnych \u015bciankach, kt\u00f3re s\u0105 zamontowane wewn\u0105trz kolektora. Nast\u0119pnie s\u0105 one nape\u0142niane ciecz\u0105 o niskiej temperaturze parowania. W wyniku promieniowania s\u0142onecznego obecna w rurach ciecz zaczyna parowa\u0107, a wytworzone ciep\u0142o jest przekazywane do kondensatora, kt\u00f3ry jest zainstalowany w kanale zbiorczym i pe\u0142ni rol\u0119 wymiennika ciep\u0142a. W dalszej kolejno\u015bci powsta\u0142e ciep\u0142o jest przekazywane do zbiornika z wod\u0105.<\/p>\n<h3 style=\"text-align: justify\"><i><b>Kolektory skupiaj\u0105ce<\/b><\/i><\/h3>\n<p style=\"text-align: justify\"><i><b> <\/b><\/i><i>Kolektory skupiaj\u0105ce<\/i> s\u0105 zaopatrzone w system luster, gdzie jest akumulowana energia s\u0142oneczna na tak zwanym absorberze. Cechuj\u0105 si\u0119 one ma\u0142ymi gabarytami i najcz\u0119\u015bciej znajduj\u0105 zastosowanie w przemy\u015ble. W tego typu kolektorach wykorzystuje si\u0119 zdywersyfikowane\u00a0systemy luster lub soczewki, co ma na celu zwi\u0119kszenie g\u0119sto\u015bci strumienia promieniowania s\u0142onecznego, kt\u00f3re pada na powierzchni\u0119 poch\u0142aniaj\u0105c\u0105.<b> Kolektory s\u0142oneczne<\/b> skupiaj\u0105ce powinny by\u0107 usytuowane prostopadle do kierunku padania promieni s\u0142onecznych.<\/p>\n<p style=\"text-align: justify\">Nale\u017cy oczywi\u015bcie pami\u0119ta\u0107, \u017ce projekt instalacji <b>kolektor\u00f3w s\u0142onecznych<\/b> b\u0119dzie si\u0119 r\u00f3\u017cni\u0142 w zale\u017cno\u015bci od rodzaju obiektu, w kt\u00f3rym instalacja ma by\u0107 zainstalowana, a tak\u017ce trzeba wzi\u0105\u0107 pod uwag\u0119 dost\u0119pn\u0105 przestrze\u0144, na kt\u00f3rej maj\u0105 by\u0107 zainstalowane kolektory<\/p>\n<h2>Kolektory s\u0142oneczne &#8211; BOZ Rzesz\u00f3w<\/h2>\n<p><strong>Centrum budowlane BOZ Rzesz\u00f3w<\/strong> oferuje kolektory s\u0142oneczne od renomowanego producenta Immergas. Monta\u017c kolektor\u00f3w s\u0142onecznych to inwestycja, kt\u00f3ra pomaga w znacznym obni\u017ceniu rachunk\u00f3w, dzi\u0119ki czemu ich monta\u017c jest coraz bardziej popularny. Zach\u0119camy do odwiedzenia naszego Centrum Budowlanego w Rzeszowie i do <a href=\"https:\/\/www.boz.pl\/centrum-budowlane\/kontakt\/\">kontaktu<\/a> w razie jakichkolwiek pyta\u0144!<\/p>\n","protected":false},"excerpt":{"rendered":"<p>Kolektory s\u0142oneczne to urz\u0105dzenia, kt\u00f3re przetwarzaj\u0105 promieniowanie s\u0142oneczne na energi\u0119 ciepln\u0105, przekazuj\u0105c j\u0105 do zasobnika z wod\u0105 w celu p\u00f3\u017aniejszego jej wykorzystania. Wytworzona w ten spos\u00f3b ciep\u0142a woda jest wykorzystywana do cel\u00f3w sanitarnych, ogrzewania lub ch\u0142odzenia domu.\u00a0M\u00f3wi\u0105c pro\u015bciej, kolektory s\u0142oneczne maj\u0105 wra\u017cliw\u0105 powierzchni\u0119, kt\u00f3ra wychwytuje najwi\u0119kszy mo\u017cliwy procent energii s\u0142onecznej, przekszta\u0142caj\u0105c j\u0105 w energi\u0119 ciepln\u0105. [&hellip;]<\/p>\n","protected":false},"author":13,"featured_media":0,"parent":0,"menu_order":0,"comment_status":"closed","ping_status":"closed","template":"","meta":{"footnotes":""},"class_list":["post-574","page","type-page","status-publish","hentry"],"yoast_head":"<!-- This site is optimized with the Yoast SEO plugin v14.7 - https:\/\/yoast.com\/wordpress\/plugins\/seo\/ -->\n<title>Kolektory S\u0142oneczne Rzesz\u00f3w - Panele S\u0142oneczne Immergas<\/title>\n<meta name=\"description\" content=\"Kolektory s\u0142oneczne w ofercie Centrum Budowlanego BOZ Rzesz\u00f3w - wysokiej klasy panele firmy Immergas. Poznaj nasz\u0105 ofert\u0119!\" \/>\n<meta name=\"robots\" content=\"index, follow\" \/>\n<meta name=\"googlebot\" content=\"index, follow, max-snippet:-1, max-image-preview:large, max-video-preview:-1\" \/>\n<meta name=\"bingbot\" content=\"index, follow, max-snippet:-1, max-image-preview:large, max-video-preview:-1\" \/>\n<link rel=\"canonical\" href=\"https:\/\/www.boz.pl\/centrum-budowlane\/kolektory-sloneczne-rzeszow\/\" \/>\n<meta property=\"og:locale\" content=\"pl_PL\" \/>\n<meta property=\"og:type\" content=\"article\" \/>\n<meta property=\"og:title\" content=\"Kolektory S\u0142oneczne Rzesz\u00f3w - Panele S\u0142oneczne Immergas\" \/>\n<meta property=\"og:description\" content=\"Kolektory s\u0142oneczne w ofercie Centrum Budowlanego BOZ Rzesz\u00f3w - wysokiej klasy panele firmy Immergas. Poznaj nasz\u0105 ofert\u0119!\" \/>\n<meta property=\"og:url\" content=\"https:\/\/www.boz.pl\/centrum-budowlane\/kolektory-sloneczne-rzeszow\/\" \/>\n<meta property=\"og:site_name\" content=\"Centrum Budowlane BOZ S.A.\" \/>\n<meta property=\"article:modified_time\" content=\"2022-02-07T10:25:37+00:00\" \/>\n<meta property=\"og:image\" content=\"https:\/\/www.boz.pl\/wp-content\/uploads\/2021\/08\/kolektory-sloneczne-rzeszow-650x433.jpg\" \/>\n<meta name=\"twitter:card\" content=\"summary_large_image\" \/>\n<script type=\"application\/ld+json\" class=\"yoast-schema-graph\">{\"@context\":\"https:\/\/schema.org\",\"@graph\":[{\"@type\":\"WebSite\",\"@id\":\"https:\/\/www.boz.pl\/centrum-budowlane\/#website\",\"url\":\"https:\/\/www.boz.pl\/centrum-budowlane\/\",\"name\":\"Centrum Budowlane BOZ S.A.\",\"description\":\"Materia\\u0142y budowlane\",\"potentialAction\":[{\"@type\":\"SearchAction\",\"target\":\"https:\/\/www.boz.pl\/centrum-budowlane\/?s={search_term_string}\",\"query-input\":\"required name=search_term_string\"}],\"inLanguage\":\"pl-PL\"},{\"@type\":\"ImageObject\",\"@id\":\"https:\/\/www.boz.pl\/centrum-budowlane\/kolektory-sloneczne-rzeszow\/#primaryimage\",\"inLanguage\":\"pl-PL\",\"url\":\"https:\/\/www.boz.pl\/wp-content\/uploads\/2021\/08\/kolektory-sloneczne-rzeszow-650x433.jpg\"},{\"@type\":\"WebPage\",\"@id\":\"https:\/\/www.boz.pl\/centrum-budowlane\/kolektory-sloneczne-rzeszow\/#webpage\",\"url\":\"https:\/\/www.boz.pl\/centrum-budowlane\/kolektory-sloneczne-rzeszow\/\",\"name\":\"Kolektory S\\u0142oneczne Rzesz\\u00f3w - Panele S\\u0142oneczne Immergas\",\"isPartOf\":{\"@id\":\"https:\/\/www.boz.pl\/centrum-budowlane\/#website\"},\"primaryImageOfPage\":{\"@id\":\"https:\/\/www.boz.pl\/centrum-budowlane\/kolektory-sloneczne-rzeszow\/#primaryimage\"},\"datePublished\":\"2021-09-16T10:56:21+00:00\",\"dateModified\":\"2022-02-07T10:25:37+00:00\",\"description\":\"Kolektory s\\u0142oneczne w ofercie Centrum Budowlanego BOZ Rzesz\\u00f3w - wysokiej klasy panele firmy Immergas. Poznaj nasz\\u0105 ofert\\u0119!\",\"inLanguage\":\"pl-PL\",\"potentialAction\":[{\"@type\":\"ReadAction\",\"target\":[\"https:\/\/www.boz.pl\/centrum-budowlane\/kolektory-sloneczne-rzeszow\/\"]}]}]}<\/script>\n<!-- \/ Yoast SEO plugin. -->","_links":{"self":[{"href":"https:\/\/www.boz.pl\/centrum-budowlane\/wp-json\/wp\/v2\/pages\/574"}],"collection":[{"href":"https:\/\/www.boz.pl\/centrum-budowlane\/wp-json\/wp\/v2\/pages"}],"about":[{"href":"https:\/\/www.boz.pl\/centrum-budowlane\/wp-json\/wp\/v2\/types\/page"}],"author":[{"embeddable":true,"href":"https:\/\/www.boz.pl\/centrum-budowlane\/wp-json\/wp\/v2\/users\/13"}],"replies":[{"embeddable":true,"href":"https:\/\/www.boz.pl\/centrum-budowlane\/wp-json\/wp\/v2\/comments?post=574"}],"version-history":[{"count":4,"href":"https:\/\/www.boz.pl\/centrum-budowlane\/wp-json\/wp\/v2\/pages\/574\/revisions"}],"predecessor-version":[{"id":650,"href":"https:\/\/www.boz.pl\/centrum-budowlane\/wp-json\/wp\/v2\/pages\/574\/revisions\/650"}],"wp:attachment":[{"href":"https:\/\/www.boz.pl\/centrum-budowlane\/wp-json\/wp\/v2\/media?parent=574"}],"curies":[{"name":"wp","href":"https:\/\/api.w.org\/{rel}","templated":true}]}}