{"id":572,"date":"2021-09-16T12:49:40","date_gmt":"2021-09-16T10:49:40","guid":{"rendered":"https:\/\/www.boz.pl\/centrum-budowlane\/?page_id=572"},"modified":"2022-02-07T11:21:11","modified_gmt":"2022-02-07T10:21:11","slug":"ogrzewanie-podlogowe-rzeszow","status":"publish","type":"page","link":"https:\/\/www.boz.pl\/centrum-budowlane\/ogrzewanie-podlogowe-rzeszow\/","title":{"rendered":"Ogrzewanie pod\u0142ogowe Rzesz\u00f3w"},"content":{"rendered":"<p class=\"western\" style=\"text-align: justify\"><strong>W Polsce coraz wi\u0119ksz\u0105 popularno\u015bci\u0105 cieszy si\u0119 ogrzewanie pod\u0142ogowe. Ten system ogrzewania to nie tylko ciep\u0142o rozchodz\u0105ce si\u0119 po ca\u0142ym mieszkaniu, ale r\u00f3wnie\u017c niedu\u017ce koszty zu\u017cycia energii i co za tym idzie ochrona \u015brodowiska. Do wyboru mamy kilka rodzaj\u00f3w ogrzewania pod\u0142ogowego. Czym si\u0119 od siebie r\u00f3\u017cni\u0105 i jaki wybra\u0107?<\/strong><\/p>\n<h2 class=\"western\" style=\"text-align: justify\">Rodzaje ogrzewania pod\u0142ogowego<\/h2>\n<p><img loading=\"lazy\" decoding=\"async\" class=\"alignright wp-image-719\" title=\"ogrzewanie pod\u0142ogowe Rzesz\u00f3w\" src=\"https:\/\/www.boz.pl\/wp-content\/uploads\/2021\/08\/ogrzewanie-podlogowe-rzeszow-650x433.jpg\" alt=\"ogrzewanie pod\u0142ogowe Rzesz\u00f3w\" width=\"500\" height=\"333\" \/><\/p>\n<p style=\"text-align: justify\">Ogrzewanie pod\u0142ogowe to system rur, kabli lub folii grzewczych montowanych w pod\u0142odze. Dzi\u0119ki temu zyskujemy r\u00f3wnomierne ciep\u0142o w ca\u0142ym pomieszczeniu, a nie jak przy klasycznym systemie grzewczym tylko w jednym miejscu. <strong>Ogrzewanie pod\u0142ogowe mo\u017ce wsp\u00f3\u0142pracowa\u0107 z prawie ka\u017cdym rodzajem pod\u0142ogi: z drewna, z panelami laminowanymi oraz kamieniem naturalnym.<\/strong> Sama instalacja takiego systemu ogrzewania jest zaskakuj\u0105ca \u0142atwa i szybka, problem stanowi decyzja o wyborze technologii grzewczej. Przyjrzyjmy si\u0119 dost\u0119pnym opcjom<\/p>\n<h3 class=\"western\" style=\"text-align: justify\">Ogrzewanie pod\u0142ogowe elektryczne<\/h3>\n<p style=\"text-align: justify\">Stosuj\u0105c ten rodzaj ogrzewania montuj\u0119 si\u0119 na pod\u0142odze kable, folie lub maty grzewcze. Zalet\u0105 tego systemu jest brak konieczno\u015bci montowania urz\u0105dzenia grzewczego i konserwacji systemu. <strong>Ogrzewanie pod\u0142ogowe elektryczne<\/strong> zapewnia r\u00f3wnomierny rozk\u0142ad temperatur a koszt monta\u017cu nie jest zbyt wysoki. Ze wzgl\u0119du na ceny energii elektrycznej ten rodzaj ogrzewania pod\u0142ogowego jest dosy\u0107 drogi w eksploatacji. Z tego powodu wiele os\u00f3b \u0142\u0105czy go z panelami fotowoltaicznymi, kt\u00f3re generuj\u0105 pr\u0105d ze s\u0142o\u0144ca. Du\u017c\u0105 zalet\u0105 pod\u0142og\u00f3wki elektrycznej jest jej niska waga, dzi\u0119ki czemu doskonale sprawdzi si\u0119 wsz\u0119dzie tam, gdzie nie mo\u017cna znacznie obci\u0105\u017ca\u0107 stropu.<\/p>\n<h3 class=\"western\" style=\"text-align: justify\">Ogrzewanie pod\u0142ogowe wodne<\/h3>\n<p style=\"text-align: justify\">Pod\u0142og\u00f3wka wodna, nazywana r\u00f3wnie\u017c <strong>tradycyjnym ogrzewaniem pod\u0142ogowym<\/strong> to system rur, kt\u00f3rymi przep\u0142ywa woda podgrzewana przez dowolne \u017ar\u00f3d\u0142o ciep\u0142a np. kocio\u0142 gazowy. Tego typu ogrzewanie montuj\u0119 si\u0119 na sta\u0142e, tak\u017ce przed jego zainstalowaniem nale\u017cy wykona\u0107 projekt. System ten cechuje si\u0119 wieloletni\u0105 trwa\u0142o\u015bci\u0105 instalacji i naprawd\u0119 niskimi kosztami eksploatacji. Jest to zdecydowanie najpowszechniej montowany typ ogrzewania pod\u0142ogowego w Polsce.<\/p>\n<h2>Ogrzewanie pod\u0142ogowe w Rzeszowie<\/h2>\n<p>Ogrzewanie pod\u0142ogowe posiada wiele zalet, kt\u00f3re sprawiaj\u0105, \u017ce jego popularno\u015b\u0107 w ci\u0105gu ostatnich lat bardzo wzros\u0142a. Pod\u0142og\u00f3wka to nie tylko komfort u\u017cytkowania, ale r\u00f3wnie\u017c ni\u017cszy koszt eksploatacji, swoboda aran\u017cacji pomieszcze\u0144 bez potrzeby uwzgl\u0119dniania kaloryfer\u00f3w oraz korzy\u015bci zdrowotne (zw\u0142aszcza dla alergik\u00f3w). Je\u015bli planujesz monta\u017c ogrzewania pod\u0142ogowego to <a href=\"https:\/\/www.boz.pl\/centrum-budowlane\/kontakt\/\">skontaktuj si\u0119 z nami<\/a>! <strong>Firma BOZ Rzesz\u00f3w<\/strong> oferuje wysokiej klasy ogrzewanie pod\u0142ogowe oraz inne instalacje grzewcze i sanitarne.<\/p>\n","protected":false},"excerpt":{"rendered":"<p>W Polsce coraz wi\u0119ksz\u0105 popularno\u015bci\u0105 cieszy si\u0119 ogrzewanie pod\u0142ogowe. Ten system ogrzewania to nie tylko ciep\u0142o rozchodz\u0105ce si\u0119 po ca\u0142ym mieszkaniu, ale r\u00f3wnie\u017c niedu\u017ce koszty zu\u017cycia energii i co za tym idzie ochrona \u015brodowiska. Do wyboru mamy kilka rodzaj\u00f3w ogrzewania pod\u0142ogowego. Czym si\u0119 od siebie r\u00f3\u017cni\u0105 i jaki wybra\u0107? Rodzaje ogrzewania pod\u0142ogowego Ogrzewanie pod\u0142ogowe to [&hellip;]<\/p>\n","protected":false},"author":13,"featured_media":0,"parent":0,"menu_order":0,"comment_status":"closed","ping_status":"closed","template":"","meta":{"footnotes":""},"class_list":["post-572","page","type-page","status-publish","hentry"],"yoast_head":"<!-- This site is optimized with the Yoast SEO plugin v14.7 - https:\/\/yoast.com\/wordpress\/plugins\/seo\/ -->\n<title>Ogrzewanie Pod\u0142ogowe Rzesz\u00f3w - Pod\u0142og\u00f3wki Wodne i Elektryczne<\/title>\n<meta name=\"description\" content=\"Ogrzewanie pod\u0142ogowe Rzesz\u00f3w - poznaj ofert\u0119 firmy BOZ. Pod\u0142og\u00f3wka wodna i elektryczna. Profesjonalne systemy pod\u0142ogowe i grzewcze.\" \/>\n<meta name=\"robots\" content=\"index, follow\" \/>\n<meta name=\"googlebot\" content=\"index, follow, max-snippet:-1, max-image-preview:large, max-video-preview:-1\" \/>\n<meta name=\"bingbot\" content=\"index, follow, max-snippet:-1, max-image-preview:large, max-video-preview:-1\" \/>\n<link rel=\"canonical\" href=\"https:\/\/www.boz.pl\/centrum-budowlane\/ogrzewanie-podlogowe-rzeszow\/\" \/>\n<meta property=\"og:locale\" content=\"pl_PL\" \/>\n<meta property=\"og:type\" content=\"article\" \/>\n<meta property=\"og:title\" content=\"Ogrzewanie Pod\u0142ogowe Rzesz\u00f3w - Pod\u0142og\u00f3wki Wodne i Elektryczne\" \/>\n<meta property=\"og:description\" content=\"Ogrzewanie pod\u0142ogowe Rzesz\u00f3w - poznaj ofert\u0119 firmy BOZ. Pod\u0142og\u00f3wka wodna i elektryczna. Profesjonalne systemy pod\u0142ogowe i grzewcze.\" \/>\n<meta property=\"og:url\" content=\"https:\/\/www.boz.pl\/centrum-budowlane\/ogrzewanie-podlogowe-rzeszow\/\" \/>\n<meta property=\"og:site_name\" content=\"Centrum Budowlane BOZ S.A.\" \/>\n<meta property=\"article:modified_time\" content=\"2022-02-07T10:21:11+00:00\" \/>\n<meta property=\"og:image\" content=\"https:\/\/www.boz.pl\/wp-content\/uploads\/2021\/08\/ogrzewanie-podlogowe-rzeszow-650x433.jpg\" \/>\n<meta name=\"twitter:card\" content=\"summary_large_image\" \/>\n<script type=\"application\/ld+json\" class=\"yoast-schema-graph\">{\"@context\":\"https:\/\/schema.org\",\"@graph\":[{\"@type\":\"WebSite\",\"@id\":\"https:\/\/www.boz.pl\/centrum-budowlane\/#website\",\"url\":\"https:\/\/www.boz.pl\/centrum-budowlane\/\",\"name\":\"Centrum Budowlane BOZ S.A.\",\"description\":\"Materia\\u0142y budowlane\",\"potentialAction\":[{\"@type\":\"SearchAction\",\"target\":\"https:\/\/www.boz.pl\/centrum-budowlane\/?s={search_term_string}\",\"query-input\":\"required name=search_term_string\"}],\"inLanguage\":\"pl-PL\"},{\"@type\":\"ImageObject\",\"@id\":\"https:\/\/www.boz.pl\/centrum-budowlane\/ogrzewanie-podlogowe-rzeszow\/#primaryimage\",\"inLanguage\":\"pl-PL\",\"url\":\"https:\/\/www.boz.pl\/wp-content\/uploads\/2021\/08\/ogrzewanie-podlogowe-rzeszow-650x433.jpg\"},{\"@type\":\"WebPage\",\"@id\":\"https:\/\/www.boz.pl\/centrum-budowlane\/ogrzewanie-podlogowe-rzeszow\/#webpage\",\"url\":\"https:\/\/www.boz.pl\/centrum-budowlane\/ogrzewanie-podlogowe-rzeszow\/\",\"name\":\"Ogrzewanie Pod\\u0142ogowe Rzesz\\u00f3w - Pod\\u0142og\\u00f3wki Wodne i Elektryczne\",\"isPartOf\":{\"@id\":\"https:\/\/www.boz.pl\/centrum-budowlane\/#website\"},\"primaryImageOfPage\":{\"@id\":\"https:\/\/www.boz.pl\/centrum-budowlane\/ogrzewanie-podlogowe-rzeszow\/#primaryimage\"},\"datePublished\":\"2021-09-16T10:49:40+00:00\",\"dateModified\":\"2022-02-07T10:21:11+00:00\",\"description\":\"Ogrzewanie pod\\u0142ogowe Rzesz\\u00f3w - poznaj ofert\\u0119 firmy BOZ. Pod\\u0142og\\u00f3wka wodna i elektryczna. Profesjonalne systemy pod\\u0142ogowe i grzewcze.\",\"inLanguage\":\"pl-PL\",\"potentialAction\":[{\"@type\":\"ReadAction\",\"target\":[\"https:\/\/www.boz.pl\/centrum-budowlane\/ogrzewanie-podlogowe-rzeszow\/\"]}]}]}<\/script>\n<!-- \/ Yoast SEO plugin. -->","_links":{"self":[{"href":"https:\/\/www.boz.pl\/centrum-budowlane\/wp-json\/wp\/v2\/pages\/572"}],"collection":[{"href":"https:\/\/www.boz.pl\/centrum-budowlane\/wp-json\/wp\/v2\/pages"}],"about":[{"href":"https:\/\/www.boz.pl\/centrum-budowlane\/wp-json\/wp\/v2\/types\/page"}],"author":[{"embeddable":true,"href":"https:\/\/www.boz.pl\/centrum-budowlane\/wp-json\/wp\/v2\/users\/13"}],"replies":[{"embeddable":true,"href":"https:\/\/www.boz.pl\/centrum-budowlane\/wp-json\/wp\/v2\/comments?post=572"}],"version-history":[{"count":3,"href":"https:\/\/www.boz.pl\/centrum-budowlane\/wp-json\/wp\/v2\/pages\/572\/revisions"}],"predecessor-version":[{"id":647,"href":"https:\/\/www.boz.pl\/centrum-budowlane\/wp-json\/wp\/v2\/pages\/572\/revisions\/647"}],"wp:attachment":[{"href":"https:\/\/www.boz.pl\/centrum-budowlane\/wp-json\/wp\/v2\/media?parent=572"}],"curies":[{"name":"wp","href":"https:\/\/api.w.org\/{rel}","templated":true}]}}