{"id":563,"date":"2021-09-15T10:29:46","date_gmt":"2021-09-15T08:29:46","guid":{"rendered":"https:\/\/www.boz.pl\/centrum-budowlane\/?page_id=563"},"modified":"2025-02-03T12:55:47","modified_gmt":"2025-02-03T11:55:47","slug":"docieplenia-budynkow-rzeszow","status":"publish","type":"page","link":"https:\/\/www.boz.pl\/centrum-budowlane\/docieplenia-budynkow-rzeszow\/","title":{"rendered":"Docieplenia budynk\u00f3w Rzesz\u00f3w"},"content":{"rendered":"<p align=\"JUSTIFY\"><img loading=\"lazy\" decoding=\"async\" class=\"alignleft wp-image-713\" title=\"docieplanie-budynkow-rzeszow\" src=\"https:\/\/www.boz.pl\/wp-content\/uploads\/2021\/08\/docieplanie-budynkow-rzeszow.png\" alt=\"docieplanie-budynkow-rzeszow\" width=\"500\" height=\"322\" \/>Klimat w Polsce zmusza do my\u015blenia o ogrzewaniu domu, zw\u0142aszcza je\u015bli jest to dom budowany przy u\u017cyciu przestarza\u0142ych technologii. Zimy nadal potrafi\u0105 by\u0107 srogie w naszym kraju i dlatego istotne jest, aby odpowiednio zadba\u0107 o dostarczenie ciep\u0142a do budynku, w kt\u00f3rym mieszkamy. Ogrzewanie potrafi by\u0107 jednak bardzo drogie. Ceny r\u00f3\u017cni\u0105 si\u0119 znacz\u0105co, w zale\u017cno\u015bci od tego czym ogrzewamy nasz dom. Dodatkowym sposobem na zapewnienie odpowiedniego komfortu cieplnego w budynku jest jego docieplenie.<\/p>\n<h2 class=\"western\">Docieplanie domu<\/h2>\n<p align=\"JUSTIFY\">W\u0142a\u015bciwie wykonane <strong>docieplenia budynk\u00f3w<\/strong> pomaga ograniczy\u0107 koszty ogrzewania zar\u00f3wno w przypadku dom\u00f3w jednorodzinnych, jak r\u00f3wnie\u017c blok\u00f3w mieszkalnych czy biurowc\u00f3w, hal przemys\u0142owych itp. Najlepiej zainteresowa\u0107 si\u0119 tematem docieplenia w\u0142asnego domu odpowiednio wcze\u015bnie, aby nie zaskoczy\u0142y nas srogie mrozy, kt\u00f3re potrafi\u0105 pojawi\u0107 si\u0119 ju\u017c w pa\u017adzierniku i listopadzie.<\/p>\n<h2 align=\"JUSTIFY\">Kiedy wykonywa\u0107 ocieplenia budynk\u00f3w ?<\/h2>\n<p align=\"JUSTIFY\">Najdogodniejszym terminami na ocieplenia budynk\u00f3w jest wiosna i lato, kiedy nie musimy martwi\u0107 si\u0119 o to, \u017ce w domu b\u0119dzie zbyt niska temperatura. Nie nale\u017cy zwleka\u0107 z decyzj\u0105 o dociepleniu, gdy\u017c sam proces potrafi ci\u0105gn\u0105\u0107 si\u0119 tygodniami. Konkurencja na rynku jest du\u017ca, jednak wiele solidnych firm ma zaj\u0119te grafiki na kilka miesi\u0119cy do przodu i mo\u017ce si\u0119 okaza\u0107, \u017ce nie zd\u0105\u017cymy zam\u00f3wi\u0107 fachowc\u00f3w przed sezonem grzewczym. Docieplenia budynk\u00f3w to niezwykle istotny etap budowy czy remontu. <strong>Odpowiednia izolacja termiczna pozwala ograniczy\u0107 koszty zwi\u0105zane z ogrzewaniem w zimie<\/strong>. Z kolei latem dobrze izolowany dom wolniej si\u0119 nagrzewa, dzi\u0119ki czemu \u0142atwiej utrzyma\u0107 w nim komfortow\u0105 temperatur\u0119. Docieplanie budynk\u00f3w jest wi\u0119c inwestycj\u0105, kt\u00f3ra pozwoli obni\u017cy\u0107 koszty w przysz\u0142o\u015bci.<\/p>\n<h2 class=\"western\">Materia\u0142y dociepleniowe<\/h2>\n<p><img loading=\"lazy\" decoding=\"async\" class=\"alignright wp-image-708\" title=\"materialy-dociepleniowe-rzeszow\" src=\"https:\/\/www.boz.pl\/wp-content\/uploads\/2021\/08\/materialy-dociepleniowe-rzeszow-644x433.png\" alt=\"materialy-dociepleniowe-rzeszow\" width=\"405\" height=\"276\" \/><\/p>\n<p align=\"JUSTIFY\">Podstawow\u0105 kwesti\u0105, kt\u00f3r\u0105 trzeba rozwa\u017cy\u0107 my\u015bl\u0105c o dociepleniu domu, s\u0105 materia\u0142y. Docieplenia dom\u00f3w s\u0105 dzi\u015b wykonywane na r\u00f3\u017cne sposoby i przy u\u017cyciu r\u00f3\u017cnych technik. Najpopularniejsz\u0105 jest nadal ocieplenia \u015bcian zewn\u0119trznych budynk\u00f3w. Materia\u0142y dociepleniowe najcz\u0119\u015bciej u\u017cywane w tej technice to oczywi\u015bcie <a href=\"https:\/\/www.boz.pl\/centrum-budowlane\/welna-mineralna-rzeszow\/\"><strong>we\u0142na mineralna<\/strong><\/a>\u00a0i <a href=\"https:\/\/www.boz.pl\/centrum-budowlane\/oferta\/styropian\/\"><strong>styropian<\/strong><\/a> .We\u0142na mineralna dost\u0119pna jest w wersji kamiennej oraz szklanej. Wyb\u00f3r odpowiednich materia\u0142\u00f3w na docieplenie budynk\u00f3w ma du\u017ce znaczenie, dlatego przed dokonaniem wyboru warto skonsultowa\u0107 si\u0119 ze specjalistami.<\/p>\n<h2 align=\"JUSTIFY\">Docieplania budynk\u00f3w Rzesz\u00f3w<\/h2>\n<p align=\"JUSTIFY\"><strong>Firma BOZ<\/strong> w ofercie swojego centrum budowlanego w <strong>Rzeszowie<\/strong> posiada szeroki wyb\u00f3r materia\u0142\u00f3w dociepleniowych , takich jak. styropian czy we\u0142na mineralna. Posiadamy szerok\u0105 wiedz\u0119 i bogate do\u015bwiadczenie, dzi\u0119ki kt\u00f3remu jeste\u015bmy w stanie doradzi\u0107 Pa\u0144stwu najlepsze materia\u0142y na docieplenie budynk\u00f3w. Zach\u0119camy do zapoznania si\u0119 z <a href=\"https:\/\/www.boz.pl\/centrum-budowlane\/oferta\/materialy-ogolnobudowlane\/\">nasz\u0105 ofert\u0105<\/a> oraz do odwiedzania naszego <a href=\"https:\/\/www.boz.pl\/centrum-budowlane\/kontakt\/\">centrum budowlanego<\/a> w Rzeszowie!<\/p>\n","protected":false},"excerpt":{"rendered":"<p>Klimat w Polsce zmusza do my\u015blenia o ogrzewaniu domu, zw\u0142aszcza je\u015bli jest to dom budowany przy u\u017cyciu przestarza\u0142ych technologii. Zimy nadal potrafi\u0105 by\u0107 srogie w naszym kraju i dlatego istotne jest, aby odpowiednio zadba\u0107 o dostarczenie ciep\u0142a do budynku, w kt\u00f3rym mieszkamy. Ogrzewanie potrafi by\u0107 jednak bardzo drogie. Ceny r\u00f3\u017cni\u0105 si\u0119 znacz\u0105co, w zale\u017cno\u015bci od [&hellip;]<\/p>\n","protected":false},"author":13,"featured_media":0,"parent":0,"menu_order":0,"comment_status":"closed","ping_status":"closed","template":"","meta":{"footnotes":""},"class_list":["post-563","page","type-page","status-publish","hentry"],"yoast_head":"<!-- This site is optimized with the Yoast SEO plugin v14.7 - https:\/\/yoast.com\/wordpress\/plugins\/seo\/ -->\n<title>Docieplenia Budynk\u00f3w - Materia\u0142y Dociepleniowe, Ocieplenia Rzesz\u00f3w<\/title>\n<meta name=\"description\" content=\"Szeroki wyb\u00f3r materia\u0142\u00f3w dociepleniowych - we\u0142na mineralna, styropian i wiele wi\u0119cej. Docieplenia budynk\u00f3w - BOZ Rzesz\u00f3w.\" \/>\n<meta name=\"robots\" content=\"index, follow\" \/>\n<meta name=\"googlebot\" content=\"index, follow, max-snippet:-1, max-image-preview:large, max-video-preview:-1\" \/>\n<meta name=\"bingbot\" content=\"index, follow, max-snippet:-1, max-image-preview:large, max-video-preview:-1\" \/>\n<link rel=\"canonical\" href=\"https:\/\/www.boz.pl\/centrum-budowlane\/docieplenia-budynkow-rzeszow\/\" \/>\n<meta property=\"og:locale\" content=\"pl_PL\" \/>\n<meta property=\"og:type\" content=\"article\" \/>\n<meta property=\"og:title\" content=\"Docieplenia Budynk\u00f3w - Materia\u0142y Dociepleniowe, Ocieplenia Rzesz\u00f3w\" \/>\n<meta property=\"og:description\" content=\"Szeroki wyb\u00f3r materia\u0142\u00f3w dociepleniowych - we\u0142na mineralna, styropian i wiele wi\u0119cej. Docieplenia budynk\u00f3w - BOZ Rzesz\u00f3w.\" \/>\n<meta property=\"og:url\" content=\"https:\/\/www.boz.pl\/centrum-budowlane\/docieplenia-budynkow-rzeszow\/\" \/>\n<meta property=\"og:site_name\" content=\"Centrum Budowlane BOZ S.A.\" \/>\n<meta property=\"article:modified_time\" content=\"2025-02-03T11:55:47+00:00\" \/>\n<meta property=\"og:image\" content=\"https:\/\/www.boz.pl\/wp-content\/uploads\/2021\/08\/docieplanie-budynkow-rzeszow.png\" \/>\n<meta name=\"twitter:card\" content=\"summary_large_image\" \/>\n<script type=\"application\/ld+json\" class=\"yoast-schema-graph\">{\"@context\":\"https:\/\/schema.org\",\"@graph\":[{\"@type\":\"WebSite\",\"@id\":\"https:\/\/www.boz.pl\/centrum-budowlane\/#website\",\"url\":\"https:\/\/www.boz.pl\/centrum-budowlane\/\",\"name\":\"Centrum Budowlane BOZ S.A.\",\"description\":\"Materia\\u0142y budowlane\",\"potentialAction\":[{\"@type\":\"SearchAction\",\"target\":\"https:\/\/www.boz.pl\/centrum-budowlane\/?s={search_term_string}\",\"query-input\":\"required name=search_term_string\"}],\"inLanguage\":\"pl-PL\"},{\"@type\":\"ImageObject\",\"@id\":\"https:\/\/www.boz.pl\/centrum-budowlane\/docieplenia-budynkow-rzeszow\/#primaryimage\",\"inLanguage\":\"pl-PL\",\"url\":\"https:\/\/www.boz.pl\/wp-content\/uploads\/2021\/08\/docieplanie-budynkow-rzeszow.png\"},{\"@type\":\"WebPage\",\"@id\":\"https:\/\/www.boz.pl\/centrum-budowlane\/docieplenia-budynkow-rzeszow\/#webpage\",\"url\":\"https:\/\/www.boz.pl\/centrum-budowlane\/docieplenia-budynkow-rzeszow\/\",\"name\":\"Docieplenia Budynk\\u00f3w - Materia\\u0142y Dociepleniowe, Ocieplenia Rzesz\\u00f3w\",\"isPartOf\":{\"@id\":\"https:\/\/www.boz.pl\/centrum-budowlane\/#website\"},\"primaryImageOfPage\":{\"@id\":\"https:\/\/www.boz.pl\/centrum-budowlane\/docieplenia-budynkow-rzeszow\/#primaryimage\"},\"datePublished\":\"2021-09-15T08:29:46+00:00\",\"dateModified\":\"2025-02-03T11:55:47+00:00\",\"description\":\"Szeroki wyb\\u00f3r materia\\u0142\\u00f3w dociepleniowych - we\\u0142na mineralna, styropian i wiele wi\\u0119cej. Docieplenia budynk\\u00f3w - BOZ Rzesz\\u00f3w.\",\"inLanguage\":\"pl-PL\",\"potentialAction\":[{\"@type\":\"ReadAction\",\"target\":[\"https:\/\/www.boz.pl\/centrum-budowlane\/docieplenia-budynkow-rzeszow\/\"]}]}]}<\/script>\n<!-- \/ Yoast SEO plugin. -->","_links":{"self":[{"href":"https:\/\/www.boz.pl\/centrum-budowlane\/wp-json\/wp\/v2\/pages\/563"}],"collection":[{"href":"https:\/\/www.boz.pl\/centrum-budowlane\/wp-json\/wp\/v2\/pages"}],"about":[{"href":"https:\/\/www.boz.pl\/centrum-budowlane\/wp-json\/wp\/v2\/types\/page"}],"author":[{"embeddable":true,"href":"https:\/\/www.boz.pl\/centrum-budowlane\/wp-json\/wp\/v2\/users\/13"}],"replies":[{"embeddable":true,"href":"https:\/\/www.boz.pl\/centrum-budowlane\/wp-json\/wp\/v2\/comments?post=563"}],"version-history":[{"count":7,"href":"https:\/\/www.boz.pl\/centrum-budowlane\/wp-json\/wp\/v2\/pages\/563\/revisions"}],"predecessor-version":[{"id":1116,"href":"https:\/\/www.boz.pl\/centrum-budowlane\/wp-json\/wp\/v2\/pages\/563\/revisions\/1116"}],"wp:attachment":[{"href":"https:\/\/www.boz.pl\/centrum-budowlane\/wp-json\/wp\/v2\/media?parent=563"}],"curies":[{"name":"wp","href":"https:\/\/api.w.org\/{rel}","templated":true}]}}